{"id":9,"date":"2025-03-27T11:39:35","date_gmt":"2025-03-27T10:39:35","guid":{"rendered":"http:\/\/dimanchedeprintemps.moultchicheboville.fr\/printemps\/?page_id=5"},"modified":"2026-04-09T13:56:24","modified_gmt":"2026-04-09T11:56:24","slug":"comme-un-dimanche-de-printemps","status":"publish","type":"page","link":"https:\/\/dimanchedeprintemps.moultchicheboville.fr\/","title":{"rendered":"Comme un Dimanche de printemps"},"content":{"rendered":"<p>[et_pb_section fb_built=&#8221;1&#8243; admin_label=&#8221;Hero&#8221; _builder_version=&#8221;4.23.1&#8243; _module_preset=&#8221;default&#8221; background_color=&#8221;#ecf5f8&#8243; background_image=&#8221;https:\/\/dimanchedeprintemps.moultchicheboville.fr\/wp-content\/uploads\/2026\/03\/Banniere-Comme-un-Dimanche-de-Printemps.png&#8221; background_position=&#8221;bottom_center&#8221; min_height=&#8221;563px&#8221; custom_margin=&#8221;||-1px|||&#8221; custom_padding=&#8221;||333px|||&#8221; top_divider_style=&#8221;wave2&#8243; top_divider_color=&#8221;#d7eff7&#8243; top_divider_height=&#8221;35px&#8221; top_divider_repeat=&#8221;1x&#8221; locked=&#8221;off&#8221; global_colors_info=&#8221;{}&#8221;][\/et_pb_section][et_pb_section fb_built=&#8221;1&#8243; admin_label=&#8221;Hero&#8221; _builder_version=&#8221;4.23.1&#8243; _module_preset=&#8221;default&#8221; background_color=&#8221;#ecf5f8&#8243; background_enable_image=&#8221;off&#8221; background_position=&#8221;bottom_center&#8221; custom_padding=&#8221;0vw||0vw||false|false&#8221; locked=&#8221;off&#8221; global_colors_info=&#8221;{}&#8221;][et_pb_row _builder_version=&#8221;4.16&#8243; _module_preset=&#8221;default&#8221; custom_padding=&#8221;||0px|||&#8221; global_colors_info=&#8221;{}&#8221;][et_pb_column type=&#8221;4_4&#8243; _builder_version=&#8221;4.16&#8243; _module_preset=&#8221;default&#8221; global_colors_info=&#8221;{}&#8221;][et_pb_text _builder_version=&#8221;4.23.1&#8243; _module_preset=&#8221;default&#8221; custom_margin=&#8221;-1px||29px|||&#8221; custom_padding=&#8221;50px||40px|||&#8221; inline_fonts=&#8221;Montserrat&#8221; global_colors_info=&#8221;{}&#8221;]<\/p>\n<p style=\"text-align: center;\"><span style=\"color: #f986cb; font-family: Montserrat; font-weight: normal; font-size: large;\"><strong>COMME UN DIMANCHE DE PRINTEMPS, C&#8217;EST QUOI ?<\/strong><\/span><\/p>\n<p>[\/et_pb_text][et_pb_text _builder_version=&#8221;4.23.1&#8243; _module_preset=&#8221;default&#8221; text_orientation=&#8221;center&#8221; custom_margin=&#8221;-40px|||||&#8221; inline_fonts=&#8221;Montserrat&#8221; global_colors_info=&#8221;{}&#8221;]<\/p>\n<p class=\"cvGsUA direction-ltr align-start para-style-body\"><span style=\"font-family: Montserrat; color: #666666; font-weight: normal;\"><span class=\"OYPEnA font-feature-liga-off font-feature-clig-off font-feature-calt-off text-decoration-none text-strikethrough-none\">Si vous aimez fl\u00e2ner, venez go\u00fbter \u00e0 la douceur du printemps le temps d\u2019un dimanche. Entre cr\u00e9ateurs inspir\u00e9s, saveurs locales et instants de partage, laissez-vous porter par l\u2019ambiance l\u00e9g\u00e8re et viva<\/span><span class=\"OYPEnA font-feature-liga-off font-feature-clig-off font-feature-calt-off text-decoration-none text-strikethrough-none\">nte de cette journ\u00e9e hors du temps. Ici, on prend le temps d\u2019explorer, de savourer, de se retrouver\u2026 juste pour le plaisir.<\/span><\/span><\/p>\n<p class=\"cvGsUA direction-ltr align-start para-style-body\"><span class=\"OYPEnA font-feature-liga-off font-feature-clig-off font-feature-calt-off text-decoration-none text-strikethrough-none\" style=\"font-family: Montserrat; color: #666666; font-weight: normal;\">Pour petits et grands, des animations vari\u00e9es vous attendent : laser game en ext\u00e9rieur, structure gonflable, sans oublier de quoi se r\u00e9galer avec une restauration sur place.<\/span><span class=\"OYPEnA font-feature-liga-off font-feature-clig-off font-feature-calt-off text-decoration-none text-strikethrough-none white-space-prewrap\"> <\/span><\/p>\n<p>[\/et_pb_text][et_pb_text _builder_version=&#8221;4.23.1&#8243; _module_preset=&#8221;default&#8221; custom_margin=&#8221;80px|||||&#8221; custom_padding=&#8221;0px||44px|||&#8221; inline_fonts=&#8221;Montserrat&#8221; global_colors_info=&#8221;{}&#8221;]<\/p>\n<p style=\"text-align: center;\"><span style=\"color: #f986cb; font-family: Montserrat; font-weight: normal; font-size: large;\"><strong>INFOS PRATIQUES<\/strong><\/span><\/p>\n<p>[\/et_pb_text][et_pb_text _builder_version=&#8221;4.23.1&#8243; _module_preset=&#8221;default&#8221; text_orientation=&#8221;center&#8221; min_height=&#8221;123.4px&#8221; custom_margin=&#8221;-40px||25px|||&#8221; custom_padding=&#8221;3px|||||&#8221; inline_fonts=&#8221;Montserrat&#8221; global_colors_info=&#8221;{}&#8221;]<\/p>\n<p class=\"cvGsUA direction-ltr align-start para-style-body\"><span class=\"OYPEnA font-feature-liga-off font-feature-clig-off font-feature-calt-off text-decoration-none text-strikethrough-none\" style=\"font-family: Montserrat; font-weight: normal;\"><strong><span style=\"color: #69d802;\">Quand : <\/span><\/strong>le dimanche 19 avril 2026<\/span><\/p>\n<p class=\"cvGsUA direction-ltr align-start para-style-body\"><span class=\"OYPEnA font-feature-liga-off font-feature-clig-off font-feature-calt-off text-decoration-none text-strikethrough-none\" style=\"font-family: Montserrat; font-weight: normal;\"><span style=\"color: #69d802;\"><strong>O\u00f9 : <\/strong><\/span>Rue Robert Hamelin, 14370 Moult-Chicheboville<\/span><\/p>\n<p class=\"cvGsUA direction-ltr align-start para-style-body\"><span class=\"OYPEnA font-feature-liga-off font-feature-clig-off font-feature-calt-off text-decoration-none text-strikethrough-none\" style=\"font-family: Montserrat; font-weight: normal;\"><strong><span style=\"color: #69d802;\">A quelle heure :<\/span><\/strong> de 10h \u00e0 18h<\/span><\/p>\n<p>[\/et_pb_text][\/et_pb_column][\/et_pb_row][\/et_pb_section]<\/p>\n","protected":false},"excerpt":{"rendered":"<p>COMME UN DIMANCHE DE PRINTEMPS, C&#8217;EST QUOI ?Si vous aimez fl\u00e2ner, venez go\u00fbter \u00e0 la douceur du printemps le temps d\u2019un dimanche. Entre cr\u00e9ateurs inspir\u00e9s, saveurs locales et instants de partage, laissez-vous porter par l\u2019ambiance l\u00e9g\u00e8re et vivante de cette journ\u00e9e hors du temps. Ici, on prend le temps d\u2019explorer, de savourer, de se retrouver\u2026 [&hellip;]<\/p>\n","protected":false},"author":2,"featured_media":0,"parent":0,"menu_order":0,"comment_status":"closed","ping_status":"closed","template":"","meta":{"_et_pb_use_builder":"on","_et_pb_old_content":"","_et_gb_content_width":"","footnotes":""},"class_list":["post-9","page","type-page","status-publish","hentry"],"_links":{"self":[{"href":"https:\/\/dimanchedeprintemps.moultchicheboville.fr\/index.php\/wp-json\/wp\/v2\/pages\/9","targetHints":{"allow":["GET"]}}],"collection":[{"href":"https:\/\/dimanchedeprintemps.moultchicheboville.fr\/index.php\/wp-json\/wp\/v2\/pages"}],"about":[{"href":"https:\/\/dimanchedeprintemps.moultchicheboville.fr\/index.php\/wp-json\/wp\/v2\/types\/page"}],"author":[{"embeddable":true,"href":"https:\/\/dimanchedeprintemps.moultchicheboville.fr\/index.php\/wp-json\/wp\/v2\/users\/2"}],"replies":[{"embeddable":true,"href":"https:\/\/dimanchedeprintemps.moultchicheboville.fr\/index.php\/wp-json\/wp\/v2\/comments?post=9"}],"version-history":[{"count":7,"href":"https:\/\/dimanchedeprintemps.moultchicheboville.fr\/index.php\/wp-json\/wp\/v2\/pages\/9\/revisions"}],"predecessor-version":[{"id":5390,"href":"https:\/\/dimanchedeprintemps.moultchicheboville.fr\/index.php\/wp-json\/wp\/v2\/pages\/9\/revisions\/5390"}],"wp:attachment":[{"href":"https:\/\/dimanchedeprintemps.moultchicheboville.fr\/index.php\/wp-json\/wp\/v2\/media?parent=9"}],"curies":[{"name":"wp","href":"https:\/\/api.w.org\/{rel}","templated":true}]}}