{"id":8,"date":"2025-03-27T11:31:37","date_gmt":"2025-03-27T10:31:37","guid":{"rendered":"http:\/\/dimanchedeprintemps.moultchicheboville.fr\/printemps\/?page_id=3"},"modified":"2025-03-27T11:31:37","modified_gmt":"2025-03-27T10:31:37","slug":"politique-de-confidentialite-2","status":"publish","type":"page","link":"https:\/\/dimanchedeprintemps.moultchicheboville.fr\/index.php\/politique-de-confidentialite-2\/","title":{"rendered":"Politique de confidentialit\u00e9"},"content":{"rendered":"\n[et_pb_section fb_built=&#8221;1&#8243; _builder_version=&#8221;4.23.1&#8243; hover_enabled=&#8221;0&#8243; global_colors_info=&#8221;{}&#8221; sticky_enabled=&#8221;0&#8243;][et_pb_row _builder_version=&#8221;4.16&#8243; background_size=&#8221;initial&#8221; background_position=&#8221;top_left&#8221; background_repeat=&#8221;repeat&#8221; global_colors_info=&#8221;{}&#8221;][et_pb_column type=&#8221;4_4&#8243; _builder_version=&#8221;4.16&#8243; custom_padding=&#8221;|||&#8221; global_colors_info=&#8221;{}&#8221; custom_padding__hover=&#8221;|||&#8221;][et_pb_text _builder_version=&#8221;4.16&#8243; background_size=&#8221;initial&#8221; background_position=&#8221;top_left&#8221; background_repeat=&#8221;repeat&#8221; global_colors_info=&#8221;{}&#8221;]<!-- divi:heading -->\n<p>&nbsp;<\/p>\n<p>&nbsp;<\/p>\n<!-- \/divi:paragraph --><!-- divi:heading -->\n<h2>Informations l\u00e9gales<\/h2>\n<p>MENTIONS LEGALES :<\/p>\n<p>Correspondant aux directives des articles 6-III et 19 de la Loi n* 2004-575 du 21 juin 2004 concer\u00e7ant la Confiance en l\u2019\u00e9conomie num\u00e9rique, dite L.C.E.N., nous informons les visiteurs du site :<span> <\/span><a href=\"https:\/\/moultchicheboville.fr\/\" target=\"_blank\" rel=\"noopener\">https:\/\/dimanchedeprintemps.moultchicheboville.fr\/printemps.<\/a><span>\u00a0<\/span>Ces informations ci-jointe :<\/p>\n<p>&nbsp;<\/p>\n<p><strong>1. D\u00e9claration l\u00e9gales :<\/strong><\/p>\n<p>Le site web<span>\u00a0<\/span><a href=\"https:\/\/moultchicheboville.fr\/\" target=\"_blank\" rel=\"noopener\">moultchicheboville.fr<\/a><span>\u00a0<\/span>est la propri\u00e9t\u00e9 exclusive de<span>\u00a0<\/span><strong>Mairie<\/strong><span>\u00a0<\/span><strong>Moult-Chicheboville<\/strong>, .<\/p>\n<p><strong>Mairie<\/strong><span>\u00a0<\/span><strong>Moult-Chicheboville<\/strong><span>\u00a0<\/span>\u2013 Num. de T\u00e9l\u00e9phone :<span>\u00a0<\/span><strong>0231279430<\/strong><\/p>\n<p><strong>6 Rue Pierre CINGAL<\/strong><span>\u00a0<\/span><strong>14370 MOULT-CHICHEBOVILLE<\/strong><br \/>R\u00e9f\u00e9renc\u00e9e au Registre du Commerce et des Soci\u00e9t\u00e9s sous le num\u00e9ro<span>\u00a0<\/span><strong>20006501900016<\/strong><\/p>\n<p>Numero TVA Intracommunautaire :<span>\u00a0<\/span><strong>FR 03 200065019<\/strong><br \/>Adresse email :<span>\u00a0<\/span><strong><a href=\"mailto:communication@mairie-mc.fr?subject=Contact%20a%20partir%20des%20mentions%20l%C3%A9gales%20via%20le%20site%20moultchicheboville.fr\" data-cmp-ab=\"2\">communication@mairie-mc.fr<\/a><\/strong><\/p>\n<p>Le Fondateur du site :<span>\u00a0<\/span><strong>ARRUEGO Coralie<\/strong><br \/>Le Responsable de publication est :<span>\u00a0<\/span><strong>ARRUEGO Coralie<\/strong><br \/>Ou entrer en contact avec le Directeur de publication :<span>\u00a0<\/span><strong><a href=\"mailto:communication@mairie-mc.fr?subject=Contact%20a%20partir%20des%20mentions%20l%C3%A9gales%20via%20le%20site%20moultchicheboville.fr\" data-cmp-ab=\"2\">communication@mairie-mc.fr<\/a><\/strong><\/p>\n<p><span>Le Webmaster est :\u00a0<\/span><strong>ARRUEGO Coralie<\/strong><br \/><span>Ou entrer en contact avec le D\u00e9veloppeur :\u00a0<\/span><strong><a href=\"mailto:communication@mairie-mc.fr?subject=Contact%20a%20partir%20des%20mentions%20l%C3%A9gales%20via%20le%20site%20moultchicheboville.fr\" data-cmp-ab=\"2\">communication@mairie-mc.fr<\/a><\/strong><\/p>\n<p><span>Hebergeur : OVH<\/span><br \/><span>SAS<\/span><br \/><span>Registre du commerce et des soci\u00e9t\u00e9s Lille M\u00e9tropole 424 761 419 00045<\/span><br \/><span>Code d\u2019Activit\u00e9 principale exerc\u00e9e (APE) 2620Z<\/span><br \/><span>Numero TVA : FR 22 424 761 419<\/span><br \/><span>Si\u00e8ge Sociale de l\u2019h\u00e9bergeur : 2 rue Kellermann \u2013 59100 Roubaix \u2013 France<\/span><\/p>\n<p><span>Les mentions ont \u00e9t\u00e9 r\u00e9alis\u00e9es via\u00a0<\/span><strong><a href=\"https:\/\/www.generateur-de-mentions-legales.com\/\" target=\"_blank\" rel=\"noopener\" data-cmp-ab=\"2\">le g\u00e9n\u00e9rateur de mentions l\u00e9gales<\/a><\/strong><\/p>\n<p>&nbsp;<\/p>\n<p>&nbsp;<\/p>\n<p>&nbsp;<\/p>\n<p><strong>2. Introduction :<\/strong><\/p>\n<p>Tout internaute qui utilise le site :<span>\u00a0<\/span><a href=\"https:\/\/moultchicheboville.fr\/\" target=\"_blank\" rel=\"noopener\">moultchicheboville.fr<\/a><span>\u00a0<\/span>est consid\u00e9r\u00e9 comme usage\u00e9 du site internet.<br \/>Le site suivant<span>\u00a0<\/span><strong>moultchicheboville.fr<\/strong><span>\u00a0<\/span>r\u00e9uni plusieurs services, en l\u2019\u00e9tat, mis \u00e0 la disposition des usage\u00e9. Il est pr\u00e9cis\u00e9 que ceux-ci doivent rester courtois et faire preuve de bonne foi tant envers les diff\u00e9rents utilisateurs qu\u2019envers le Webmaster du site moultchicheboville.fr. Le site moultchicheboville.fr est actualis\u00e9 r\u00e9guli\u00e8rement par ARRUEGO Coralie.<br \/>ARRUEGO Coralie s\u2019efforce d\u2019offrir sur le site suivant moultchicheboville.fr des informations les plus r\u00e9alistes possibles (sous r\u00e9serve de modifications), mais ne saurait promettre l\u2019exactitude, la compl\u00e9tude et l\u2019actualit\u00e9 des informations r\u00e9pandu sur son site web, qu\u2019elles soient de son fait ou non. En r\u00e9percussion, l\u2019utilisateur reconna\u00eet se servir des informations donn\u00e9es (\u00e0 titre indicatif, non exhaustives et susceptibles d\u2019\u00e9voluer) sous sa responsabilit\u00e9 exclusive.<\/p>\n<p>&nbsp;<\/p>\n<p>&nbsp;<\/p>\n<p><strong>3. Accessibilit\u00e9 Num\u00e9rique :<\/strong><\/p>\n<p>Le site suivant moultchicheboville.fr est g\u00e9n\u00e9ralement accessible aux usag\u00e9s H24 7\/7, except\u00e9 en cas d\u2019interruption, pr\u00e9vu ou pas, pour les besoins de la maintenance ou force majeure. En cas d\u2019impossibilit\u00e9 d\u2019acc\u00e8s au service, moultchicheboville.fr se devouera \u00e0 faire de son mieux pour r\u00e9tablir l\u2019acc\u00e8s au site web et s\u2019efforcera alors de communiquer pr\u00e9alablement aux utilisateurs informations de l\u2019interruption. N\u2019\u00e9tant soumis qu\u2019\u00e0 une servitude de moyen, moultchicheboville.fr ne pourrait \u00eatre design\u00e9 comme responsable des soucis, peu importe la nature.<\/p>\n<p>&nbsp;<\/p>\n<p>&nbsp;<\/p>\n<p><strong>4. Propri\u00e9t\u00e9 intellectuelle :<\/strong><\/p>\n<p>ARRUEGO Coralie est propri\u00e9taire unique de tous les droits de propri\u00e9t\u00e9 intellectuelle ou d\u00e9tient les droits d\u2019usage sur tous les \u00e9l\u00e9ments accessibles sur le site, tant sur la structure que sur les articles et textes, images, graphismes, logo, bande sonore, logicielsetc\u2026<br \/>Toute reproduction totale ou partielle du site web moultchicheboville.fr, affichage, edition, adaptation totale ou partielle de l\u2019un quelconque de ces \u00e9l\u00e9ments, quel que soit le moyen ou le proc\u00e9d\u00e9 utilis\u00e9, est formellementinterdite, sauf acceptation \u00e9crite pr\u00e9alable de ARRUEGO Coralie, directeur du site web \u00e0 l\u2019email : communication@mairie-mc.fr, \u00e0 d\u00e9faut elle sera consid\u00e9r\u00e9e comme constitutive d\u2019une contrefa\u00e7on et passible de poursuite conform\u00e9ment aux dispositions des articles L.335-2 et suivants du Code de Propri\u00e9t\u00e9 Intellectuelle.<\/p>\n<p><span>Toute reproduction totale ou partielle du affichage, modification, adaptation totale ou partielle de l\u2019un de ces \u00e9l\u00e9ments, sans tenir compte du moyen ou la technique utilis\u00e9, est formellementinterdite, except\u00e9 autorisation \u00e9crite pr\u00e9alable de ARRUEGO Coralie, directeur du site web au mail suivant : communication@mairie-mc.fr, \u00e0 d\u00e9faut elle sera d\u00e9sign\u00e9 comme constitutive d\u2019une contrefa\u00e7on et passible de poursuite selon les dispositions des articles L.335-2 et suivants du Code de Propri\u00e9t\u00e9 Intellectuelle.<\/span><\/p>\n<p>&nbsp;<\/p>\n<p><strong>5. Liens hypertextes et cookies :<\/strong><\/p>\n<p>Le site web moultchicheboville.fr comporte diff\u00e9rents liens hypertextes vers d\u2019autres sites web (partenaires, sites sources .) mis en ligne suite \u00e0 l\u2019autorisation de ARRUEGO Coralie<a href=\"https:\/\/www.generateur-de-mentions-legales.com\/\" data-cmp-ab=\"2\"><span>.<\/span><\/a><span>\u00a0<\/span>N\u00e9anmoins, ARRUEGO Coralie ne peut pas s\u00e9curiser l\u2019int\u00e9gralit\u00e9 des \u00e9lements des sites ainsi visit\u00e9s et d\u00e9cline donc l\u2019enti\u00e8re responsabilit\u00e9 de de cette fa\u00e7on quand aux risques de contenus interdits.<br \/>L\u2019usager est donc averti que lors de ses visites sur le site internet moultchicheboville.fr, un ou des cookies peuvent s\u2019installer de fa\u00e7on automatique sur son ordinateur par l\u2019interm\u00e9diaire de son logiciel de navigation. Un cookie est un assemblage de donn\u00e9e qui ne permettra pas de savoir qui l\u2019utilise, cependant qui sauvegarde des indications concernant la navigation de l\u2019usager sur le site web.\u00a0<br \/>La configration du logiciel de navigation laisse libre d\u2019informer de la pr\u00e9sence de cookie et \u00e9ventuellement, de la contester de la proc\u00e9dure expliqu\u00e9e \u00e0 l\u2019 adresse suivante :<span>\u00a0<\/span><a href=\"https:\/\/www.moultchicheboville.fr\/\">www.moultchicheboville.fr<\/a>. L\u2019utilisateur peut n\u00e9anmoins de param\u00e9trer le navigateur de son ordinateur de fa\u00e7on \u00e0 refuser la mise en place des cookies, \u00e9tant conscient que le refus de la mise en place d\u2019un cookie peut entra\u00eener l\u2019incapacit\u00e9 d\u2019acc\u00e9der \u00e0 divers secteurs. Pour tout barrage de cookies, cherchez dans le moteur de recherche : blocage des cookies et appliquez les explications en rapport avec votre version de navigateur.<\/p>\n<p><strong>6. Protection des biens et personnes \u2013 Utilisation des donn\u00e9es personnelles :<\/strong><\/p>\n<p><span>En France, les donn\u00e9es personnelles sont par exemple prot\u00e9g\u00e9es par la loi n\u00b0 78-87 du 6 janvier 1978 , la loi n\u00b0 2004-801 du 6 ao\u00fbt 2004, l\u2019article L. 226-13 du Code p\u00e9nal et la Directive Europ\u00e9enne datant du 24 octobre 1995.<\/span><\/p>\n<p>&nbsp;<\/p>\n<p>Sur le site moultchicheboville.fr, ARRUEGO Coralie ne aucune information personnelles ( suivant l\u2019article 4 loi n\u00b078-17 du 06 janvier 1978) concernant l\u2019usager que pour le besoin de diff\u00e9rents services propos\u00e9s par le site moultchicheboville.fr. L\u2019utilisateur offre les informations en toute conscience de cause, notamment lorsqu\u2019il proc\u00e8de de lui-m\u00eame \u00e0 la saisie. Il est alors pr\u00e9cis\u00e9 \u00e0 l\u2019utilisateur du site moultchicheboville.fr l\u2019obligation ou non de fournir ces donn\u00e9es.<br \/>Conform\u00e9ment aux dispositifs des articles 38 et suivants de la loi 78-17 du 6 janvier 1978 relative \u00e0 l\u2019informatique, les fichiers et aux libert\u00e9s, tout utilisateur dispose d\u2019un droit d\u2019acc\u00e8s aux informations, de rectification, de suppression et d\u2019opposition aux donn\u00e9es personnelles le concernant. Pour l\u2019utiliser, adressez une requ\u00eate \u00e0 moultchicheboville.fr par mail :<span>\u00a0<\/span><strong><a href=\"mailto:communication@mairie-mc.fr?subject=Contact%20%C3%A0%20partir%20des%20mentions%20l%C3%A9gales%20via%20le%20site%20moultchicheboville.fr\" data-cmp-ab=\"2\">communication@mairie-mc.fr<\/a><\/strong><span>\u00a0<\/span>ou alors\u00a0via lettre manuscrite\u00a0d\u00fbement sign\u00e9e, jointe d\u2019une copie du titre d\u2019identit\u00e9 avec signature du titulaire de la pi\u00e8ce, en mentionnant l\u2019adresse \u00e0 laquelle une r\u00e9ponse doit \u00eatre envoy\u00e9e.<\/p>\n<p>Aucune information personnelle de l\u2019usager du site web moultchicheboville.fr ne sera publi\u00e9e \u00e0 l\u2019insu de l\u2019utilisateur, troqu\u00e9e, transf\u00e9r\u00e9e, vendue sur un support quelconque \u00e0 des groupes. Seulement l\u2019hypoth\u00e8se de vente du site interne moultchicheboville.fr et de l\u2019int\u00e9gralit\u00e9 de ses droits en autorise ARRUEGO Coralie \u00e0 transmettre les informations personnelles \u00e0 l\u2019\u00e9ventuel acqu\u00e9reur qui serait \u00e0 son tour tenu\u00a0\u00e0 la m\u00eame obligation de conservation et de modification des informations relative \u00e0 l\u2019utilisateur du site moultchicheboville.fr.<br \/>Le site interne moultchicheboville.fr est conforme avec le RGPD voir notre politique RGPD.<\/p>\n<p>Les bases de donn\u00e9es sont s\u00e9curis\u00e9es par les obligations de la loi du 1er juillet 1998 transposant ainsi la directive 96\/9 du 11 mars 1996 concernant la protection juridique des BDD (bases de donn\u00e9es).<\/p>\n<p>&nbsp;<\/p>\n<p>&nbsp;<\/p>\n<p>&nbsp;<\/p>\n<p>&nbsp;<\/p>\n<p>&nbsp;<\/p>\n<p>&nbsp;<\/p>\n<p>&nbsp;<\/p>\n<p>&nbsp;<\/p>\n<p>&nbsp;<\/p>\n<!-- \/divi:paragraph -->[\/et_pb_text][\/et_pb_column][\/et_pb_row][\/et_pb_section]\n","protected":false},"excerpt":{"rendered":"<p>&nbsp; &nbsp; Informations l\u00e9gales MENTIONS LEGALES : Correspondant aux directives des articles 6-III et 19 de la Loi n* 2004-575 du 21 juin 2004 concer\u00e7ant la Confiance en l\u2019\u00e9conomie num\u00e9rique, dite L.C.E.N., nous informons les visiteurs du site : https:\/\/dimanchedeprintemps.moultchicheboville.fr\/printemps.\u00a0Ces informations ci-jointe : &nbsp; 1. D\u00e9claration l\u00e9gales : Le site web\u00a0moultchicheboville.fr\u00a0est la propri\u00e9t\u00e9 exclusive de\u00a0Mairie\u00a0Moult-Chicheboville, [&hellip;]<\/p>\n","protected":false},"author":2,"featured_media":0,"parent":0,"menu_order":0,"comment_status":"closed","ping_status":"open","template":"","meta":{"_et_pb_use_builder":"on","_et_pb_old_content":"<!-- wp:heading --><h2>Qui sommes-nous\u00a0?<\/h2><!-- \/wp:heading --><!-- wp:paragraph --><p><strong class=\"privacy-policy-tutorial\">Texte sugg\u00e9r\u00e9\u00a0: <\/strong>L\u2019adresse de notre site est\u00a0: http:\/\/dimanchedeprintemps.moultchicheboville.fr\/printemps.<\/p><!-- \/wp:paragraph --><!-- wp:heading --><h2>Commentaires<\/h2><!-- \/wp:heading --><!-- wp:paragraph --><p><strong class=\"privacy-policy-tutorial\">Texte sugg\u00e9r\u00e9\u00a0: <\/strong>Quand vous laissez un commentaire sur notre site, les donn\u00e9es inscrites dans le formulaire de commentaire, ainsi que votre adresse IP et l\u2019agent utilisateur de votre navigateur sont collect\u00e9s pour nous aider \u00e0 la d\u00e9tection des commentaires ind\u00e9sirables.<\/p><!-- \/wp:paragraph --><!-- wp:paragraph --><p>Une cha\u00eene anonymis\u00e9e cr\u00e9\u00e9e \u00e0 partir de votre adresse e-mail (\u00e9galement appel\u00e9e hash) peut \u00eatre envoy\u00e9e au service Gravatar pour v\u00e9rifier si vous utilisez ce dernier. Les clauses de confidentialit\u00e9 du service Gravatar sont disponibles ici\u00a0: https:\/\/automattic.com\/privacy\/. Apr\u00e8s validation de votre commentaire, votre photo de profil sera visible publiquement \u00e0 cot\u00e9 de votre commentaire.<\/p><!-- \/wp:paragraph --><!-- wp:heading --><h2>M\u00e9dias<\/h2><!-- \/wp:heading --><!-- wp:paragraph --><p><strong class=\"privacy-policy-tutorial\">Texte sugg\u00e9r\u00e9\u00a0: <\/strong>Si vous t\u00e9l\u00e9versez des images sur le site, nous vous conseillons d\u2019\u00e9viter de t\u00e9l\u00e9verser des images contenant des donn\u00e9es EXIF de coordonn\u00e9es GPS. Les personnes visitant votre site peuvent t\u00e9l\u00e9charger et extraire des donn\u00e9es de localisation depuis ces images.<\/p><!-- \/wp:paragraph --><!-- wp:heading --><h2>Cookies<\/h2><!-- \/wp:heading --><!-- wp:paragraph --><p><strong class=\"privacy-policy-tutorial\">Texte sugg\u00e9r\u00e9\u00a0: <\/strong>Si vous d\u00e9posez un commentaire sur notre site, il vous sera propos\u00e9 d\u2019enregistrer votre nom, adresse e-mail et site dans des cookies. C\u2019est uniquement pour votre confort afin de ne pas avoir \u00e0 saisir ces informations si vous d\u00e9posez un autre commentaire plus tard. Ces cookies expirent au bout d\u2019un an.<\/p><!-- \/wp:paragraph --><!-- wp:paragraph --><p>Si vous vous rendez sur la page de connexion, un cookie temporaire sera cr\u00e9\u00e9 afin de d\u00e9terminer si votre navigateur accepte les cookies. Il ne contient pas de donn\u00e9es personnelles et sera supprim\u00e9 automatiquement \u00e0 la fermeture de votre navigateur.<\/p><!-- \/wp:paragraph --><!-- wp:paragraph --><p>Lorsque vous vous connecterez, nous mettrons en place un certain nombre de cookies pour enregistrer vos informations de connexion et vos pr\u00e9f\u00e9rences d\u2019\u00e9cran. La dur\u00e9e de vie d\u2019un cookie de connexion est de deux jours, celle d\u2019un cookie d\u2019option d\u2019\u00e9cran est d\u2019un an. Si vous cochez \u00ab\u00a0Se souvenir de moi\u00a0\u00bb, votre cookie de connexion sera conserv\u00e9 pendant deux semaines. Si vous vous d\u00e9connectez de votre compte, le cookie de connexion sera effac\u00e9.<\/p><!-- \/wp:paragraph --><!-- wp:paragraph --><p>En modifiant ou en publiant une publication, un cookie suppl\u00e9mentaire sera enregistr\u00e9 dans votre navigateur. Ce cookie ne comprend aucune donn\u00e9e personnelle. Il indique simplement l\u2019ID de la publication que vous venez de modifier. Il expire au bout d\u2019un jour.<\/p><!-- \/wp:paragraph --><!-- wp:heading --><h2>Contenu embarqu\u00e9 depuis d\u2019autres sites<\/h2><!-- \/wp:heading --><!-- wp:paragraph --><p><strong class=\"privacy-policy-tutorial\">Texte sugg\u00e9r\u00e9\u00a0: <\/strong>Les articles de ce site peuvent inclure des contenus int\u00e9gr\u00e9s (par exemple des vid\u00e9os, images, articles\u2026). Le contenu int\u00e9gr\u00e9 depuis d\u2019autres sites se comporte de la m\u00eame mani\u00e8re que si le visiteur se rendait sur cet autre site.<\/p><!-- \/wp:paragraph --><!-- wp:paragraph --><p>Ces sites web pourraient collecter des donn\u00e9es sur vous, utiliser des cookies, embarquer des outils de suivis tiers, suivre vos interactions avec ces contenus embarqu\u00e9s si vous disposez d\u2019un compte connect\u00e9 sur leur site web.<\/p><!-- \/wp:paragraph --><!-- wp:heading --><h2>Utilisation et transmission de vos donn\u00e9es personnelles<\/h2><!-- \/wp:heading --><!-- wp:paragraph --><p><strong class=\"privacy-policy-tutorial\">Texte sugg\u00e9r\u00e9\u00a0: <\/strong>Si vous demandez une r\u00e9initialisation de votre mot de passe, votre adresse IP sera incluse dans l\u2019e-mail de r\u00e9initialisation.<\/p><!-- \/wp:paragraph --><!-- wp:heading --><h2>Dur\u00e9es de stockage de vos donn\u00e9es<\/h2><!-- \/wp:heading --><!-- wp:paragraph --><p><strong class=\"privacy-policy-tutorial\">Texte sugg\u00e9r\u00e9\u00a0: <\/strong>Si vous laissez un commentaire, le commentaire et ses m\u00e9tadonn\u00e9es sont conserv\u00e9s ind\u00e9finiment. Cela permet de reconna\u00eetre et approuver automatiquement les commentaires suivants au lieu de les laisser dans la file de mod\u00e9ration.<\/p><!-- \/wp:paragraph --><!-- wp:paragraph --><p>Pour les comptes qui s\u2019inscrivent sur notre site (le cas \u00e9ch\u00e9ant), nous stockons \u00e9galement les donn\u00e9es personnelles indiqu\u00e9es dans leur profil. Tous les comptes peuvent voir, modifier ou supprimer leurs informations personnelles \u00e0 tout moment (\u00e0 l\u2019exception de leur identifiant). Les gestionnaires du site peuvent aussi voir et modifier ces informations.<\/p><!-- \/wp:paragraph --><!-- wp:heading --><h2>Les droits que vous avez sur vos donn\u00e9es<\/h2><!-- \/wp:heading --><!-- wp:paragraph --><p><strong class=\"privacy-policy-tutorial\">Texte sugg\u00e9r\u00e9\u00a0: <\/strong>Si vous avez un compte ou si vous avez laiss\u00e9 des commentaires sur le site, vous pouvez demander \u00e0 recevoir un fichier contenant toutes les donn\u00e9es personnelles que nous poss\u00e9dons \u00e0 votre sujet, incluant celles que vous nous avez fournies. Vous pouvez \u00e9galement demander la suppression des donn\u00e9es personnelles vous concernant. Cela ne prend pas en compte les donn\u00e9es stock\u00e9es \u00e0 des fins administratives, l\u00e9gales ou pour des raisons de s\u00e9curit\u00e9.<\/p><!-- \/wp:paragraph --><!-- wp:heading --><h2>Transmission de vos donn\u00e9es personnelles<\/h2><!-- \/wp:heading --><!-- wp:paragraph --><p><strong class=\"privacy-policy-tutorial\">Texte sugg\u00e9r\u00e9\u00a0: <\/strong>Les commentaires des visiteurs peuvent \u00eatre v\u00e9rifi\u00e9s \u00e0 l\u2019aide d\u2019un service automatis\u00e9 de d\u00e9tection des commentaires ind\u00e9sirables.<\/p><!-- \/wp:paragraph -->","_et_gb_content_width":"","footnotes":""},"class_list":["post-8","page","type-page","status-publish","hentry"],"_links":{"self":[{"href":"https:\/\/dimanchedeprintemps.moultchicheboville.fr\/index.php\/wp-json\/wp\/v2\/pages\/8","targetHints":{"allow":["GET"]}}],"collection":[{"href":"https:\/\/dimanchedeprintemps.moultchicheboville.fr\/index.php\/wp-json\/wp\/v2\/pages"}],"about":[{"href":"https:\/\/dimanchedeprintemps.moultchicheboville.fr\/index.php\/wp-json\/wp\/v2\/types\/page"}],"author":[{"embeddable":true,"href":"https:\/\/dimanchedeprintemps.moultchicheboville.fr\/index.php\/wp-json\/wp\/v2\/users\/2"}],"replies":[{"embeddable":true,"href":"https:\/\/dimanchedeprintemps.moultchicheboville.fr\/index.php\/wp-json\/wp\/v2\/comments?post=8"}],"version-history":[{"count":0,"href":"https:\/\/dimanchedeprintemps.moultchicheboville.fr\/index.php\/wp-json\/wp\/v2\/pages\/8\/revisions"}],"wp:attachment":[{"href":"https:\/\/dimanchedeprintemps.moultchicheboville.fr\/index.php\/wp-json\/wp\/v2\/media?parent=8"}],"curies":[{"name":"wp","href":"https:\/\/api.w.org\/{rel}","templated":true}]}}