{"id":54,"date":"2025-03-27T13:57:23","date_gmt":"2025-03-27T12:57:23","guid":{"rendered":"http:\/\/dimanchedeprintemps.moultchicheboville.fr\/printemps\/?page_id=54"},"modified":"2026-04-08T10:23:04","modified_gmt":"2026-04-08T08:23:04","slug":"le-plan","status":"publish","type":"page","link":"https:\/\/dimanchedeprintemps.moultchicheboville.fr\/index.php\/le-plan\/","title":{"rendered":"Le plan"},"content":{"rendered":"<p>[et_pb_section fb_built=&#8221;1&#8243; prev_background_color=&#8221;#d7eff7&#8243; admin_label=&#8221;Hero&#8221; _builder_version=&#8221;4.23.1&#8243; _module_preset=&#8221;default&#8221; background_color=&#8221;#ecf5f8&#8243; background_enable_image=&#8221;off&#8221; background_position=&#8221;bottom_center&#8221; custom_padding=&#8221;0vw||0vw||false|false&#8221; top_divider_style=&#8221;wave2&#8243; top_divider_height=&#8221;35px&#8221; locked=&#8221;off&#8221; global_colors_info=&#8221;{}&#8221;][\/et_pb_section][et_pb_section fb_built=&#8221;1&#8243; admin_label=&#8221;Hero&#8221; _builder_version=&#8221;4.23.1&#8243; _module_preset=&#8221;default&#8221; background_color=&#8221;#ecf5f8&#8243; background_enable_image=&#8221;off&#8221; background_position=&#8221;bottom_center&#8221; custom_padding=&#8221;0vw||11vw||false|false&#8221; locked=&#8221;off&#8221; global_colors_info=&#8221;{}&#8221;][et_pb_row column_structure=&#8221;1_2,1_2&#8243; _builder_version=&#8221;4.23.1&#8243; _module_preset=&#8221;default&#8221; custom_margin=&#8221;-8px|auto||auto||&#8221; custom_padding=&#8221;61px|||||&#8221; global_colors_info=&#8221;{}&#8221;][et_pb_column type=&#8221;1_2&#8243; _builder_version=&#8221;4.23.1&#8243; _module_preset=&#8221;default&#8221; global_colors_info=&#8221;{}&#8221;][et_pb_accordion open_toggle_background_color=&#8221;#FFFFFF&#8221; closed_toggle_background_color=&#8221;#FFFFFF&#8221; icon_color=&#8221;#f986cb&#8221; _builder_version=&#8221;4.23.1&#8243; _module_preset=&#8221;default&#8221; custom_margin=&#8221;-7px|13px|7px|||&#8221; border_radii=&#8221;on|25px|25px|25px|25px&#8221; global_colors_info=&#8221;{}&#8221;][et_pb_accordion_item title=&#8221;Espace Laser game  (1)&#8221; _builder_version=&#8221;4.23.1&#8243; _module_preset=&#8221;default&#8221; inline_fonts=&#8221;Montserrat&#8221; global_colors_info=&#8221;{}&#8221; open=&#8221;off&#8221;]<\/p>\n<p class=\"cvGsUA direction-ltr align-justify para-style-body\">\n<ul>\n<li><span class=\"OYPEnA font-feature-liga-off font-feature-clig-off font-feature-calt-off text-decoration-none text-strikethrough-none\" style=\"font-family: Montserrat;\"><span style=\"font-weight: normal;\">Energie Paintball<\/span><\/span><\/li>\n<\/ul>\n<p>[\/et_pb_accordion_item][et_pb_accordion_item title=&#8221;Espace restauration (2)&#8221; _builder_version=&#8221;4.23.1&#8243; _module_preset=&#8221;default&#8221; inline_fonts=&#8221;Montserrat&#8221; global_colors_info=&#8221;{}&#8221; open=&#8221;off&#8221;]<\/p>\n<ul>\n<li><span style=\"font-family: Montserrat; font-size: 14px; font-weight: normal;\">The wok bus &#8211; Cuisine Asiatique<\/span><\/li>\n<li><span style=\"font-family: Montserrat; font-weight: normal;\">Mawaia<\/span><span style=\"font-family: Montserrat; font-weight: normal;\">n &#8211; Cuisine Hawaienne<\/span><\/li>\n<li><span style=\"font-family: Montserrat; font-weight: normal;\">Pizzas du Hameau &#8211; Pizzas au feu de bois<\/span><\/li>\n<li><span style=\"font-family: Montserrat; font-weight: normal;\"><span style=\"font-family: Montserrat; font-weight: normal;\">Flam&amp;co Paradise &#8211; Boissons, cr\u00ea<\/span><\/span><span style=\"font-family: Montserrat; font-weight: normal;\">pes et glaces\u00a0<\/span><\/li>\n<li><span class=\"OYPEnA font-feature-liga-off font-feature-clig-off font-feature-calt-off text-decoration-none text-strikethrough-none\" style=\"font-family: Montserrat; font-weight: normal;\">Association de jumelage Moult-Pakoslaw &#8211; Barbe \u00e0 papa<\/span><\/li>\n<li><span class=\"OYPEnA font-feature-liga-off font-feature-clig-off font-feature-calt-off text-decoration-none text-strikethrough-none\" style=\"font-family: Montserrat; font-weight: normal;\">Tchouking &#8211; Cookies et douceurs sucr\u00e9es<\/span><\/li>\n<li><span style=\"font-family: Montserrat; font-weight: normal;\">Funkhy Doughny &#8211; Donuts et beignets\u00a0<\/span><span class=\"OYPEnA font-feature-liga-off font-feature-clig-off font-feature-calt-off text-decoration-none text-strikethrough-none\"><\/span><\/li>\n<\/ul>\n<p>[\/et_pb_accordion_item][et_pb_accordion_item title=&#8221;Espace march\u00e9 (3)&#8221; _builder_version=&#8221;4.23.1&#8243; _module_preset=&#8221;default&#8221; inline_fonts=&#8221;Montserrat&#8221; global_colors_info=&#8221;{}&#8221; open=&#8221;off&#8221;]<\/p>\n<ul>\n<li><span style=\"font-family: Montserrat; font-weight: normal;\">Skulls and bones &#8211; Tatouage \u00e9ph\u00e9m\u00e8res<\/span><\/li>\n<li><span style=\"font-family: Montserrat; font-weight: normal;\">Les arts divers &#8211; Luminaires<\/span><\/li>\n<li><span style=\"font-family: Montserrat; font-weight: normal;\">Bouteficelle &#8211; Bijoux<\/span><\/li>\n<li><span style=\"font-family: Montserrat; font-weight: normal;\">Perlamiah &#8211; Bijoux fantaisie<\/span><\/li>\n<li><span style=\"font-family: Montserrat; font-weight: normal;\">Pikkorette cr\u00e9ation &#8211; R\u00e9cup\u00e9ration<\/span><\/li>\n<li><span style=\"font-family: Montserrat; font-weight: normal;\">Le costil rouge &#8211; Cidrerie locale<\/span><\/li>\n<li><span style=\"font-family: Montserrat; font-weight: normal;\">Les ruches desvall\u00e9es &#8211; Miels et nougats<\/span><\/li>\n<li><span style=\"font-family: Montserrat; font-weight: normal;\">Maison Dreux &#8211; Chocolats<\/span><\/li>\n<li><span style=\"font-family: Montserrat; font-weight: normal;\">Les sucreries de Fanny &#8211; Compositions en bonbons<\/span><\/li>\n<li><span style=\"font-family: Montserrat; font-weight: normal;\">Tulipes en Val es Dunes &#8211; Tulipes<\/span><\/li>\n<li><span style=\"font-family: Montserrat; font-weight: normal;\">Scrapediem &#8211; Divers cr\u00e9atif<\/span><\/li>\n<li><span style=\"font-family: Montserrat; font-weight: normal;\">Oasis &#8211; Macram\u00e9<\/span><\/li>\n<li><span style=\"font-family: Montserrat; font-weight: normal;\">Vandenheede &#8211; Objets en bois\u00a0<\/span><\/li>\n<li><span style=\"font-family: Montserrat; font-weight: normal;\">Cr\u00e9atisse &#8211; Bijoux fantaisie<\/span><\/li>\n<li><span style=\"font-family: Montserrat; font-weight: normal;\">Mon coin couture &#8211; Cr\u00e9ations couture\u00a0<\/span><\/li>\n<li><span style=\"font-family: Montserrat; font-weight: normal;\">Olivares &#8211; Cr\u00e9ations en crochet\u00a0<\/span><\/li>\n<li><span style=\"font-family: Montserrat; font-weight: normal;\">Instants sacr\u00e9s &#8211; Bolas de grossesse<\/span><\/li>\n<li><span style=\"font-family: Montserrat; font-weight: normal;\">Julie Tagada &#8211; Articles enfant<\/span><\/li>\n<li><span style=\"font-family: Montserrat; font-weight: normal;\">Amimot &#8211; Carnets et bloc-notes<\/span><\/li>\n<li><span style=\"font-family: Montserrat; font-weight: normal;\">Chogan &#8211; Parfums<\/span><\/li>\n<li><span style=\"font-family: Montserrat; font-weight: normal;\">Imaginabook &#8211; Fondants et bougies\u00a0<\/span><\/li>\n<li><span style=\"font-family: Montserrat; font-weight: normal;\">Solune &#8211; V\u00eatements et accessoires<\/span><\/li>\n<li><span style=\"font-family: Montserrat; font-weight: normal;\">Hermeval &#8211; Location de mat\u00e9riel de jardinage\u00a0<\/span><\/li>\n<li><span style=\"font-family: Montserrat; font-weight: normal;\">Rotoborn &#8211; Soci\u00e9t\u00e9 nettoyage\u00a0<\/span><\/li>\n<li><span style=\"font-family: Montserrat; font-weight: normal;\">Au parfum floral &#8211; P\u00e9pini\u00e9riste<\/span><\/li>\n<li><span style=\"font-family: Montserrat; font-weight: normal;\">Camille Mora &#8211; D\u00e9corations en argile<\/span><\/li>\n<li><span style=\"font-family: Montserrat; font-weight: normal;\">Les boucles d&#8217;Anais &#8211; Boucles d&#8217;oreilles\u00a0<\/span><\/li>\n<li><span style=\"font-family: Montserrat; font-weight: normal;\">In\u00e8s Vigier &#8211; Pierres, cristaux et litoth\u00e9rapie<\/span><\/li>\n<li><span style=\"font-family: Montserrat; font-weight: normal;\">Mary bijoux &#8211; Bijoux fantaisie<\/span><\/li>\n<li><span style=\"font-family: Montserrat; font-weight: normal;\">Lucie Pallu &#8211; Osth\u00e9opathe animalier<\/span><\/li>\n<li><span style=\"font-family: Montserrat; font-weight: normal;\">Loalie &#8211; Bougies\u00a0<\/span><\/li>\n<li><span style=\"font-family: Montserrat; font-weight: normal;\">Amolia &#8211; Bijoux fantaisie\u00a0<\/span><\/li>\n<\/ul>\n<p>[\/et_pb_accordion_item][et_pb_accordion_item title=&#8221;Espace jeunesse (4)&#8221; _builder_version=&#8221;4.23.1&#8243; _module_preset=&#8221;default&#8221; inline_fonts=&#8221;Montserrat&#8221; global_colors_info=&#8221;{}&#8221; open=&#8221;off&#8221;]<\/p>\n<p class=\"cvGsUA direction-ltr align-justify para-style-body\">\n<ul>\n<li><span class=\"OYPEnA font-feature-liga-off font-feature-clig-off font-feature-calt-off text-decoration-none text-strikethrough-none\" style=\"font-family: Montserrat; font-weight: normal;\">Les p\u2019tites pousses &#8211; Structures gonflables<\/span><\/li>\n<li><span style=\"font-family: Montserrat; font-weight: normal;\">Lolo kids &#8211; Animations jeunesse<\/span><\/li>\n<\/ul>\n<p>[\/et_pb_accordion_item][et_pb_accordion_item title=&#8221;Espace d\u00e9tente et divertissement (5)&#8221; open=&#8221;on&#8221; _builder_version=&#8221;4.23.1&#8243; _module_preset=&#8221;default&#8221; inline_fonts=&#8221;Montserrat&#8221; global_colors_info=&#8221;{}&#8221;]<\/p>\n<p class=\"cvGsUA direction-ltr align-justify para-style-body\">\n<ul>\n<li><span class=\"OYPEnA font-feature-liga-off font-feature-clig-off font-feature-calt-off text-decoration-none text-strikethrough-none\" style=\"font-family: Montserrat; font-weight: normal;\">Bourse aux livres de la biblioth\u00e8que de Moult-Chicheboville<\/span><\/li>\n<li><span style=\"font-family: Montserrat; font-weight: normal;\">La Caravane Game &#8211; Jeux<span class=\"OYPEnA font-feature-liga-off font-feature-clig-off font-feature-calt-off text-decoration-none text-strikethrough-none\"><\/span><\/span><\/li>\n<li><span style=\"font-family: Montserrat; font-weight: normal;\">Espace salon &#8211; G\u00e9n\u00e9ration Broc<\/span><\/li>\n<\/ul>\n<p>[\/et_pb_accordion_item][et_pb_accordion_item title=&#8221;Ferme p\u00e9dagogique (6)&#8221; _builder_version=&#8221;4.23.1&#8243; _module_preset=&#8221;default&#8221; inline_fonts=&#8221;Montserrat&#8221; global_colors_info=&#8221;{}&#8221; open=&#8221;off&#8221;]<\/p>\n<p class=\"cvGsUA direction-ltr align-justify para-style-body\">\n<ul>\n<li><span class=\"OYPEnA font-feature-liga-off font-feature-clig-off font-feature-calt-off text-decoration-none text-strikethrough-none\" style=\"font-family: Montserrat; color: #666666; font-weight: normal;\">Les petits sabots de l\u2019Oudon<\/span><span class=\"OYPEnA font-feature-liga-off font-feature-clig-off font-feature-calt-off text-decoration-none text-strikethrough-none white-space-prewrap\"> <\/span><\/li>\n<\/ul>\n<p>[\/et_pb_accordion_item][\/et_pb_accordion][\/et_pb_column][et_pb_column type=&#8221;1_2&#8243; _builder_version=&#8221;4.23.1&#8243; _module_preset=&#8221;default&#8221; global_colors_info=&#8221;{}&#8221;][et_pb_image src=&#8221;https:\/\/dimanchedeprintemps.moultchicheboville.fr\/wp-content\/uploads\/2026\/04\/Plan-DP-2.png&#8221; title_text=&#8221;Plan DP&#8221; _builder_version=&#8221;4.23.1&#8243; _module_preset=&#8221;default&#8221; global_colors_info=&#8221;{}&#8221;][\/et_pb_image][\/et_pb_column][\/et_pb_row][\/et_pb_section]<\/p>\n","protected":false},"excerpt":{"rendered":"<p>Energie Paintball The wok bus &#8211; Cuisine Asiatique Mawaian &#8211; Cuisine Hawaienne Pizzas du Hameau &#8211; Pizzas au feu de bois Flam&amp;co Paradise &#8211; Boissons, cr\u00eapes et glaces\u00a0 Association de jumelage Moult-Pakoslaw &#8211; Barbe \u00e0 papa Tchouking &#8211; Cookies et douceurs sucr\u00e9es Funkhy Doughny &#8211; Donuts et beignets\u00a0 Skulls and bones &#8211; Tatouage \u00e9ph\u00e9m\u00e8res Les [&hellip;]<\/p>\n","protected":false},"author":2,"featured_media":0,"parent":0,"menu_order":0,"comment_status":"closed","ping_status":"closed","template":"","meta":{"_et_pb_use_builder":"on","_et_pb_old_content":"","_et_gb_content_width":"","footnotes":""},"class_list":["post-54","page","type-page","status-publish","hentry"],"_links":{"self":[{"href":"https:\/\/dimanchedeprintemps.moultchicheboville.fr\/index.php\/wp-json\/wp\/v2\/pages\/54","targetHints":{"allow":["GET"]}}],"collection":[{"href":"https:\/\/dimanchedeprintemps.moultchicheboville.fr\/index.php\/wp-json\/wp\/v2\/pages"}],"about":[{"href":"https:\/\/dimanchedeprintemps.moultchicheboville.fr\/index.php\/wp-json\/wp\/v2\/types\/page"}],"author":[{"embeddable":true,"href":"https:\/\/dimanchedeprintemps.moultchicheboville.fr\/index.php\/wp-json\/wp\/v2\/users\/2"}],"replies":[{"embeddable":true,"href":"https:\/\/dimanchedeprintemps.moultchicheboville.fr\/index.php\/wp-json\/wp\/v2\/comments?post=54"}],"version-history":[{"count":25,"href":"https:\/\/dimanchedeprintemps.moultchicheboville.fr\/index.php\/wp-json\/wp\/v2\/pages\/54\/revisions"}],"predecessor-version":[{"id":5407,"href":"https:\/\/dimanchedeprintemps.moultchicheboville.fr\/index.php\/wp-json\/wp\/v2\/pages\/54\/revisions\/5407"}],"wp:attachment":[{"href":"https:\/\/dimanchedeprintemps.moultchicheboville.fr\/index.php\/wp-json\/wp\/v2\/media?parent=54"}],"curies":[{"name":"wp","href":"https:\/\/api.w.org\/{rel}","templated":true}]}}